{"id":451,"date":"2023-03-06T21:28:04","date_gmt":"2023-03-06T21:28:04","guid":{"rendered":"https:\/\/www.uncoupdemeung.fr\/?page_id=451"},"modified":"2025-01-08T21:53:00","modified_gmt":"2025-01-08T20:53:00","slug":"tutos","status":"publish","type":"page","link":"https:\/\/www.uncoupdemeung.fr\/?page_id=451","title":{"rendered":"Faire soi-m\u00eame"},"content":{"rendered":"\n<p>Voici une liste de tutoriels pour contribuer \u00e0 la sobri\u00e9t\u00e9 \u00e9nerg\u00e9tique.<\/p>\n\n\n\n<p>Utilisation du tube solaire: L&rsquo;association \u00ab\u00a0<a href=\"https:\/\/www.dusoleildansnosassiettes.com\/tube-de-sterilisation-solaire\" target=\"_blank\" rel=\"noreferrer noopener\">Du soleil dans nos assiettes<\/a>\u00a0\u00bb propose l&rsquo;achat de tube solaire permettant de cuire et de st\u00e9riliser des bocaux, vous pourrez venir les chercher \u00e0 notre d\u00e9p\u00f4t \u00e0 Meung sur Loire. Nous avons tester pour vous et nous vous partageons nos exp\u00e9riences:<\/p>\n\n\n\n<ul class=\"wp-block-list\">\n<li><a href=\"https:\/\/www.uncoupdemeung.fr\/?p=500\" target=\"_blank\" rel=\"noreferrer noopener\">Cuire et st\u00e9riliser au tube solaire<\/a><\/li>\n<\/ul>\n\n\n\n<p>Marmite norv\u00e9gienne, nous avons test\u00e9 2 versions de marmite norv\u00e9gienne en tissu, la version 2 sans rembourrage (\u00e0 la fin du tuto) donne les m\u00eames r\u00e9sultats que la version rembourr\u00e9e mais est beaucoup plus rapide \u00e0 r\u00e9aliser et moins encombrante.<\/p>\n\n\n\n<ul class=\"wp-block-list\">\n<li><mark style=\"background-color:rgba(0, 0, 0, 0)\" class=\"has-inline-color has-vivid-red-color\">Marmite norv\u00e9gienne en tissu<\/mark> : <a href=\"https:\/\/www.uncoupdemeung.fr\/?p=1571\"><a href=\"https:\/\/www.uncoupdemeung.fr\/wp-admin\/post.php?post=1571&amp;action=edit\"><a href=\"https:\/\/www.uncoupdemeung.fr\/?p=1571\"><a href=\"https:\/\/www.uncoupdemeung.fr\/?p=1571\">Cr\u00e9ation d\u2019une cocotte norv\u00e9gienne en couture \u2013 Un coup de Meung pour la plan\u00e8te<\/a><\/a><\/a><\/a><\/li>\n<\/ul>\n\n\n\n<ul class=\"wp-block-list\">\n<li>Construction d&rsquo;un <strong>cuiseur multi combustible<\/strong> selon les recommandation de l&rsquo;association \u00ab\u00a0Du soleil dans nos assiettes\u00a0\u00bb. <\/li>\n<\/ul>\n\n\n\n<p><a href=\"https:\/\/www.uncoupdemeung.fr\/wp-content\/uploads\/2024\/07\/Cuiseur-a-pellet.jpg\"><mark style=\"background-color:rgba(0, 0, 0, 0)\" class=\"has-inline-color has-vivid-red-color\">https:\/\/www.uncoupdemeung.fr\/wp-content\/uploads\/2024\/07\/Cuiseur-a-pellet.jpg<\/mark><\/a><\/p>\n\n\n\n<p>Construction de s\u00e9choirs solaire, nous avons test\u00e9 2 versions pour s\u00e9cher des aliments (feuilles, fruits, &#8230; ): La version compact est facilement d\u00e9pla\u00e7able mais elle est moins performante que le syst\u00e8me de s\u00e9choir en colonne avec un capteur solaire plus fin et un flux d&rsquo;air chaud diriger vers le caisson de chauffage.<\/p>\n\n\n\n<ul class=\"wp-block-list\">\n<li><a href=\"https:\/\/www.uncoupdemeung.fr\/?page_id=453\" data-type=\"page\" data-id=\"453\">Construction d&rsquo;un s\u00e9choir compact<\/a><\/li>\n\n\n\n<li><a href=\"https:\/\/www.uncoupdemeung.fr\/?page_id=456\" data-type=\"page\" data-id=\"456\">Construction d&rsquo;un s\u00e9choir colonne<\/a><\/li>\n<\/ul>\n","protected":false},"excerpt":{"rendered":"<p>Voici une liste de tutoriels pour contribuer \u00e0 la sobri\u00e9t\u00e9 \u00e9nerg\u00e9tique. Utilisation du tube solaire: L&rsquo;association \u00ab\u00a0Du soleil dans nos assiettes\u00a0\u00bb propose l&rsquo;achat de tube solaire permettant de cuire et [&hellip;]<\/p>\n","protected":false},"author":3,"featured_media":0,"parent":0,"menu_order":0,"comment_status":"closed","ping_status":"closed","template":"","meta":{"footnotes":""},"class_list":["post-451","page","type-page","status-publish","hentry","entry"],"_links":{"self":[{"href":"https:\/\/www.uncoupdemeung.fr\/index.php?rest_route=\/wp\/v2\/pages\/451","targetHints":{"allow":["GET"]}}],"collection":[{"href":"https:\/\/www.uncoupdemeung.fr\/index.php?rest_route=\/wp\/v2\/pages"}],"about":[{"href":"https:\/\/www.uncoupdemeung.fr\/index.php?rest_route=\/wp\/v2\/types\/page"}],"author":[{"embeddable":true,"href":"https:\/\/www.uncoupdemeung.fr\/index.php?rest_route=\/wp\/v2\/users\/3"}],"replies":[{"embeddable":true,"href":"https:\/\/www.uncoupdemeung.fr\/index.php?rest_route=%2Fwp%2Fv2%2Fcomments&post=451"}],"version-history":[{"count":17,"href":"https:\/\/www.uncoupdemeung.fr\/index.php?rest_route=\/wp\/v2\/pages\/451\/revisions"}],"predecessor-version":[{"id":1595,"href":"https:\/\/www.uncoupdemeung.fr\/index.php?rest_route=\/wp\/v2\/pages\/451\/revisions\/1595"}],"wp:attachment":[{"href":"https:\/\/www.uncoupdemeung.fr\/index.php?rest_route=%2Fwp%2Fv2%2Fmedia&parent=451"}],"curies":[{"name":"wp","href":"https:\/\/api.w.org\/{rel}","templated":true}]}}